{"id":172,"date":"2023-03-14T14:53:46","date_gmt":"2023-03-14T13:53:46","guid":{"rendered":"http:\/\/fetedulivre.mairie-hyeres.com\/?page_id=172"},"modified":"2026-04-22T11:14:56","modified_gmt":"2026-04-22T09:14:56","slug":"invites-dhonneur-2025","status":"publish","type":"page","link":"https:\/\/fetedulivre.hyeres.fr\/?page_id=172","title":{"rendered":"Invit\u00e9s d&rsquo;honneur"},"content":{"rendered":"\n<h2>J.M.G LE CL\u00c9ZIO, invit\u00e9 exceptionnel d&rsquo;Emmanuel Kh\u00e9rad<\/h2>\n\n\n\n<div class=\"wp-block-media-text alignwide is-stacked-on-mobile is-image-fill\" style=\"grid-template-columns:27% auto\"><figure class=\"wp-block-media-text__media\" style=\"background-image:url(https:\/\/fetedulivre.hyeres.fr\/wp-content\/uploads\/2025\/05\/LE-CLEZIO-J.M.G-photo-2017-Francesca-Mantovani-Editions-Gallimard-8427BR-3-683x1024.jpg);background-position:47% 20%\"><img loading=\"lazy\" width=\"683\" height=\"1024\" src=\"https:\/\/fetedulivre.hyeres.fr\/wp-content\/uploads\/2025\/05\/LE-CLEZIO-J.M.G-photo-2017-Francesca-Mantovani-Editions-Gallimard-8427BR-3-683x1024.jpg\" alt=\"\" class=\"wp-image-2515 size-full\" srcset=\"https:\/\/fetedulivre.hyeres.fr\/wp-content\/uploads\/2025\/05\/LE-CLEZIO-J.M.G-photo-2017-Francesca-Mantovani-Editions-Gallimard-8427BR-3-683x1024.jpg 683w, https:\/\/fetedulivre.hyeres.fr\/wp-content\/uploads\/2025\/05\/LE-CLEZIO-J.M.G-photo-2017-Francesca-Mantovani-Editions-Gallimard-8427BR-3-200x300.jpg 200w, https:\/\/fetedulivre.hyeres.fr\/wp-content\/uploads\/2025\/05\/LE-CLEZIO-J.M.G-photo-2017-Francesca-Mantovani-Editions-Gallimard-8427BR-3-100x150.jpg 100w, https:\/\/fetedulivre.hyeres.fr\/wp-content\/uploads\/2025\/05\/LE-CLEZIO-J.M.G-photo-2017-Francesca-Mantovani-Editions-Gallimard-8427BR-3-768x1152.jpg 768w, https:\/\/fetedulivre.hyeres.fr\/wp-content\/uploads\/2025\/05\/LE-CLEZIO-J.M.G-photo-2017-Francesca-Mantovani-Editions-Gallimard-8427BR-3-1024x1536.jpg 1024w, https:\/\/fetedulivre.hyeres.fr\/wp-content\/uploads\/2025\/05\/LE-CLEZIO-J.M.G-photo-2017-Francesca-Mantovani-Editions-Gallimard-8427BR-3-1366x2048.jpg 1366w, https:\/\/fetedulivre.hyeres.fr\/wp-content\/uploads\/2025\/05\/LE-CLEZIO-J.M.G-photo-2017-Francesca-Mantovani-Editions-Gallimard-8427BR-3-scaled.jpg 1707w\" sizes=\"(max-width: 683px) 100vw, 683px\" \/><\/figure><div class=\"wp-block-media-text__content\">\n<p>J. M. G. Le Cl\u00e9zio n\u2019a jamais cess\u00e9 d\u2019\u00e9crire depuis l\u2019\u00e2ge de sept ou huit ans : po\u00e8mes, contes, r\u00e9cits, nouvelles, dont aucun n\u2019avait \u00e9t\u00e9 publi\u00e9 avant <strong><em>Le Proc\u00e8s-verbal<\/em><\/strong>, son premier roman paru en septembre 1963 et qui obtint <strong>le prix Renaudot<\/strong>.&nbsp;<br><br>Influenc\u00e9e par ses origines familiales m\u00eal\u00e9es, par ses voyages et par son go\u00fbt marqu\u00e9 pour les cultures am\u00e9rindiennes, son \u0153uvre compte une cinquantaine&nbsp;d\u2019ouvrages de fiction (romans, contes, nouvelles) et d\u2019essais.<br><br>En 1980, il a re\u00e7u <strong>le grand prix Paul-Morand<\/strong> d\u00e9cern\u00e9 par l\u2019Acad\u00e9mie fran\u00e7aise pour son roman <strong><em>D\u00e9sert<\/em><\/strong>.&nbsp;<br>En 2008, J. M. G. Le Cl\u00e9zio re\u00e7oit <strong>le prix Nobel de litt\u00e9rature<\/strong>, c\u00e9l\u00e9brant \u00abl\u2019\u00e9crivain de la rupture, de l\u2019aventure po\u00e9tique et de l\u2019extase sensuelle, l\u2019explorateur d\u2019une humanit\u00e9 au-del\u00e0 et en dessous de la civilisation r\u00e9gnante\u00bb.<\/p>\n\n\n\n<p>Dans son dernier ouvrage, <strong><em>Trois Mexique <\/em><\/strong>(Gallimard, 2026), J.M.G. Le Cl\u00e9zio se penche sur trois figures mexicaines de son panth\u00e9on personnel&nbsp;: la po\u00e9tesse s\u0153ur Juana In\u00e9s de la Cruz (1651-1695), g\u00e9nie m\u00e9connu et f\u00e9ministe avant l\u2019heure&nbsp;; l\u2019\u00e9crivain Juan Rulfo (1917-1986), mythique auteur du roman&nbsp;<em>Pedro P\u00e1ramo<\/em>&nbsp;et d\u2019un seul recueil de nouvelles, v\u00e9ritable inventeur du r\u00e9alisme magique&nbsp;; et Luis Gonz\u00e1lez y Gonz\u00e1lez (1925-2003), historien de son village perch\u00e9 natal, qui est la premi\u00e8re expression de ce qui deviendra plus tard la microhistoire. Par leur attachement \u00e0 la terre, leur \u00ab&nbsp;mexicanit\u00e9&nbsp;\u00bb instinctive et leur recherche d\u2019authenticit\u00e9 dans l\u2019\u00e9criture, Cruz, Rulfo et Gonz\u00e1lez illustrent des th\u00e8mes chers au plus mexicain des auteurs fran\u00e7ais.<\/p>\n<\/div><\/div>\n\n\n\n<hr class=\"wp-block-separator has-alpha-channel-opacity\"\/>\n\n\n\n<h2>Annick COJEAN &amp; Sophie COUTURIER<\/h2>\n\n\n\n<div class=\"wp-block-media-text alignwide is-stacked-on-mobile is-image-fill\" style=\"grid-template-columns:27% auto\"><figure class=\"wp-block-media-text__media\" style=\"background-image:url(https:\/\/fetedulivre.hyeres.fr\/wp-content\/uploads\/2026\/04\/Michelle-Perrot-Annick-Cojean-Sophie-Couturier-\u00a9-Samuel-Kirszenbaum-731x1024.jpg);background-position:56.00000000000001% 49%\"><img loading=\"lazy\" width=\"731\" height=\"1024\" src=\"https:\/\/fetedulivre.hyeres.fr\/wp-content\/uploads\/2026\/04\/Michelle-Perrot-Annick-Cojean-Sophie-Couturier-\u00a9-Samuel-Kirszenbaum-731x1024.jpg\" alt=\"\" class=\"wp-image-3119 size-full\" srcset=\"https:\/\/fetedulivre.hyeres.fr\/wp-content\/uploads\/2026\/04\/Michelle-Perrot-Annick-Cojean-Sophie-Couturier-\u00a9-Samuel-Kirszenbaum-731x1024.jpg 731w, https:\/\/fetedulivre.hyeres.fr\/wp-content\/uploads\/2026\/04\/Michelle-Perrot-Annick-Cojean-Sophie-Couturier-\u00a9-Samuel-Kirszenbaum-214x300.jpg 214w, https:\/\/fetedulivre.hyeres.fr\/wp-content\/uploads\/2026\/04\/Michelle-Perrot-Annick-Cojean-Sophie-Couturier-\u00a9-Samuel-Kirszenbaum-107x150.jpg 107w, https:\/\/fetedulivre.hyeres.fr\/wp-content\/uploads\/2026\/04\/Michelle-Perrot-Annick-Cojean-Sophie-Couturier-\u00a9-Samuel-Kirszenbaum-768x1075.jpg 768w, https:\/\/fetedulivre.hyeres.fr\/wp-content\/uploads\/2026\/04\/Michelle-Perrot-Annick-Cojean-Sophie-Couturier-\u00a9-Samuel-Kirszenbaum-1097x1536.jpg 1097w, https:\/\/fetedulivre.hyeres.fr\/wp-content\/uploads\/2026\/04\/Michelle-Perrot-Annick-Cojean-Sophie-Couturier-\u00a9-Samuel-Kirszenbaum-1463x2048.jpg 1463w, https:\/\/fetedulivre.hyeres.fr\/wp-content\/uploads\/2026\/04\/Michelle-Perrot-Annick-Cojean-Sophie-Couturier-\u00a9-Samuel-Kirszenbaum-scaled.jpg 1829w\" sizes=\"(max-width: 731px) 100vw, 731px\" \/><\/figure><div class=\"wp-block-media-text__content\">\n<p>Annick Cojean est grand reporter pour <em>Le Monde <\/em>et laur\u00e9ate du Prix Albert Londres (1996). Elle est l\u2019auteure de plusieurs livres remarqu\u00e9s dont le best-seller&nbsp;<strong><em>Les proies<\/em>&nbsp;<\/strong>(Grasset, 2012), traduit dans le monde entier. <br>En 2017, elle signe avec Manon Loizeau le documentaire&nbsp;<em>Silent War<\/em>, sur les viols de guerre en Syrie, r\u00e9compens\u00e9 du Grand Prix de l\u2019Organisation mondiale contre la torture. Elle est co-sc\u00e9nariste de la bande dessin\u00e9e <strong><em>Simone Veil ou la force d\u2019une femme<\/em><\/strong> (25 000 ex. GfK, Steinkis, 2020). En 2022 para\u00eet&nbsp;<em><strong>Nous ne serions pas arriv\u00e9es l\u00e0 si\u2026&nbsp;<\/strong><\/em>(Grasset\/Le Monde), nouvelle s\u00e9rie d\u2019entretiens avec trente-trois femmes inspirantes qui racontent avec une grande sinc\u00e9rit\u00e9 ce que la vie leur a appris d\u2019un monde dont les r\u00e8gles sont forg\u00e9es par des hommes.<br><br>Originaire de La Rochelle,&nbsp;Sophie Couturier&nbsp;est sc\u00e9nariste de romans graphiques. Auparavant sp\u00e9cialis\u00e9e en communication dans les domaines de la solidarit\u00e9 internationale et de l\u2019environnement, elle s\u2019est notamment investie au sein des ONG Action Education et Handicap International, ainsi qu\u2019\u00e0 l\u2019IGN.&nbsp;Sophie Couturier a milit\u00e9 deux ann\u00e9es aux c\u00f4t\u00e9s de Gis\u00e8le Halimi au sein du mouvement f\u00e9ministe \u00ab&nbsp;Choisir la cause des femmes&nbsp;\u00bb, dont elle a \u00e9t\u00e9 secr\u00e9taire nationale. <br><br>Ensemble, elles co-signent le roman graphique&nbsp;<strong><em>Une farouche libert\u00e9&nbsp;:<\/em>&nbsp;<em>Gis\u00e8le Halimi, la cause des femmes<\/em>&nbsp;<\/strong>(Grasset\/Steinkis, 2022) adapt\u00e9 du livre \u00e9ponyme de Gis\u00e8le Halimi et Annick Cojean. <br>Avec l&rsquo;historienne Michelle Perrot, grande pionni\u00e8re de l&rsquo;histoire des femmes et du f\u00e9minisme, elles pr\u00e9sentent en 2026<strong>&nbsp;<em>La Marche des femmes<\/em><\/strong>, une balade tr\u00e9pidante sur les traces de l&rsquo;histoire des femmes. D\u2019Olympe de Gouges aux ouvri\u00e8res des Halles, de Simone Veil aux couturi\u00e8res du Sentier, de Louise Michel aux maisons closes de Saint-Denis\u2026<\/p>\n<\/div><\/div>\n\n\n\n<hr class=\"wp-block-separator has-alpha-channel-opacity\"\/>\n\n\n\n<h2>Pierre HASKI<\/h2>\n\n\n\n<div class=\"wp-block-media-text alignwide is-stacked-on-mobile is-image-fill\" style=\"grid-template-columns:27% auto\"><figure class=\"wp-block-media-text__media\" style=\"background-image:url(https:\/\/fetedulivre.hyeres.fr\/wp-content\/uploads\/2026\/04\/HASKI_Pierre_PHOTO\u00a9-Philippe-Matsas-1024x1024.jpg);background-position:50% 50%\"><img loading=\"lazy\" width=\"1024\" height=\"1024\" src=\"https:\/\/fetedulivre.hyeres.fr\/wp-content\/uploads\/2026\/04\/HASKI_Pierre_PHOTO\u00a9-Philippe-Matsas-1024x1024.jpg\" alt=\"\" class=\"wp-image-3121 size-full\" srcset=\"https:\/\/fetedulivre.hyeres.fr\/wp-content\/uploads\/2026\/04\/HASKI_Pierre_PHOTO\u00a9-Philippe-Matsas-1024x1024.jpg 1024w, https:\/\/fetedulivre.hyeres.fr\/wp-content\/uploads\/2026\/04\/HASKI_Pierre_PHOTO\u00a9-Philippe-Matsas-300x300.jpg 300w, https:\/\/fetedulivre.hyeres.fr\/wp-content\/uploads\/2026\/04\/HASKI_Pierre_PHOTO\u00a9-Philippe-Matsas-150x150.jpg 150w, https:\/\/fetedulivre.hyeres.fr\/wp-content\/uploads\/2026\/04\/HASKI_Pierre_PHOTO\u00a9-Philippe-Matsas-768x768.jpg 768w, https:\/\/fetedulivre.hyeres.fr\/wp-content\/uploads\/2026\/04\/HASKI_Pierre_PHOTO\u00a9-Philippe-Matsas-1536x1536.jpg 1536w, https:\/\/fetedulivre.hyeres.fr\/wp-content\/uploads\/2026\/04\/HASKI_Pierre_PHOTO\u00a9-Philippe-Matsas-2048x2048.jpg 2048w\" sizes=\"(max-width: 1024px) 100vw, 1024px\" \/><\/figure><div class=\"wp-block-media-text__content\">\n<p>Pierre Haski est journaliste et pr\u00e9sident du conseil d\u2019administration de Reporters sans Fronti\u00e8res. <br>Apr\u00e8s avoir \u00e9t\u00e9 reporter dans de nombreuses r\u00e9gions du monde, notamment en Afrique du Sud pour l\u2019AFP, \u00e0 J\u00e9rusalem ou \u00e0 P\u00e9kin pour <em>Lib\u00e9ration<\/em>, il a fond\u00e9 <em>Rue89<\/em>, le premier m\u00e9dia fran\u00e7ais int\u00e9gralement digital. <br>Depuis huit ans, il anime au micro de <em>France Inter<\/em> la rubrique g\u00e9opolitique. Il est \u00e9galement chroniqueur au <em>Nouvel Obs.<\/em> Il est l\u2019auteur de nombreux livres \u00e0 port\u00e9e g\u00e9opolitique.<\/p>\n\n\n\n<p>Dans <strong><em>La fin d&rsquo;un monde<\/em><\/strong>, avec la capacit\u00e9 qu\u2019on lui conna\u00eet de rendre intelligible la complexit\u00e9 du monde, Pierre Haski revient, dans le plus personnel de ses livres, sur cinquante ans de bouleversements qui ont transform\u00e9 nos soci\u00e9t\u00e9s devenues multipolaires. Au fil des pages, il nous donne les cl\u00e9s qui nous manquaient pour comprendre les grands p\u00e9rils qui marqueront les d\u00e9cennies \u00e0 venir: conflits mondialis\u00e9s, mont\u00e9e de l\u2019autocratie, manipulation de la v\u00e9rit\u00e9\u2026 Et, par l\u2019information juste et \u00e9clair\u00e9e, nous appelle \u00e0 nous tenir pr\u00eats.<\/p>\n<\/div><\/div>\n\n\n\n<hr class=\"wp-block-separator has-alpha-channel-opacity\"\/>\n\n\n\n<h2>Kamel DAOUD<\/h2>\n\n\n\n<div class=\"wp-block-media-text alignwide is-stacked-on-mobile is-image-fill\" style=\"grid-template-columns:27% auto\"><figure class=\"wp-block-media-text__media\" style=\"background-image:url(https:\/\/fetedulivre.hyeres.fr\/wp-content\/uploads\/2026\/04\/DAOUD_Kamel_2024_Francesca_Mantovani\u00aeGallimard_87A8124-1-683x1024.jpg);background-position:50% 50%\"><img loading=\"lazy\" width=\"683\" height=\"1024\" src=\"https:\/\/fetedulivre.hyeres.fr\/wp-content\/uploads\/2026\/04\/DAOUD_Kamel_2024_Francesca_Mantovani\u00aeGallimard_87A8124-1-683x1024.jpg\" alt=\"\" class=\"wp-image-3122 size-full\" srcset=\"https:\/\/fetedulivre.hyeres.fr\/wp-content\/uploads\/2026\/04\/DAOUD_Kamel_2024_Francesca_Mantovani\u00aeGallimard_87A8124-1-683x1024.jpg 683w, https:\/\/fetedulivre.hyeres.fr\/wp-content\/uploads\/2026\/04\/DAOUD_Kamel_2024_Francesca_Mantovani\u00aeGallimard_87A8124-1-200x300.jpg 200w, https:\/\/fetedulivre.hyeres.fr\/wp-content\/uploads\/2026\/04\/DAOUD_Kamel_2024_Francesca_Mantovani\u00aeGallimard_87A8124-1-100x150.jpg 100w, https:\/\/fetedulivre.hyeres.fr\/wp-content\/uploads\/2026\/04\/DAOUD_Kamel_2024_Francesca_Mantovani\u00aeGallimard_87A8124-1-768x1152.jpg 768w, https:\/\/fetedulivre.hyeres.fr\/wp-content\/uploads\/2026\/04\/DAOUD_Kamel_2024_Francesca_Mantovani\u00aeGallimard_87A8124-1-1024x1536.jpg 1024w, https:\/\/fetedulivre.hyeres.fr\/wp-content\/uploads\/2026\/04\/DAOUD_Kamel_2024_Francesca_Mantovani\u00aeGallimard_87A8124-1-1365x2048.jpg 1365w, https:\/\/fetedulivre.hyeres.fr\/wp-content\/uploads\/2026\/04\/DAOUD_Kamel_2024_Francesca_Mantovani\u00aeGallimard_87A8124-1-scaled.jpg 1707w\" sizes=\"(max-width: 683px) 100vw, 683px\" \/><\/figure><div class=\"wp-block-media-text__content\">\n<p>N\u00e9 en 1970 \u00e0 Mostaganem (300&nbsp;km \u00e0 l\u2019ouest d\u2019Alger), Kamel Daoud a \u00e9t\u00e9 journaliste au&nbsp;<em>Quotidien d\u2019Oran<\/em>&nbsp;\u2013 troisi\u00e8me quotidien national francophone d\u2019Alg\u00e9rie \u2013, r\u00e9dacteur en chef de 1994 \u00e0 2015, et a tenu pendant quinze ans la chronique quotidienne la plus lue d\u2019Alg\u00e9rie. Depuis 2014, il tient une chronique&nbsp;hebdomadaire&nbsp;dans&nbsp;<em>Le Point<\/em>.&nbsp;<\/p>\n\n\n\n<p>Son premier roman,&nbsp;<em><strong>Meursault, contre-enqu\u00eate<\/strong><\/em>, traduit dans plus de trente-cinq langues, a re\u00e7u en 2015 le Goncourt du premier roman. Prix Lagard\u00e8re du meilleur journaliste de l\u2019ann\u00e9e en 2016, il a re\u00e7u le prix Livre et Droits de l\u2019Homme 2017 pour&nbsp;<em><strong>Mes ind\u00e9pendances<\/strong>,&nbsp;<\/em>qui rassemble pr\u00e8s de deux cents textes publi\u00e9s entre 2010 et 2016. Son roman&nbsp;<em><strong>Zabor ou Les Psaumes<\/strong><\/em> (2017), a obtenu le prix Transfuge du meilleur roman de langue fran\u00e7aise et le prix M\u00e9diterran\u00e9e.&nbsp;<br>La Grande M\u00e9daille de la Francophonie de l&rsquo;Acad\u00e9mie Fran\u00e7aise lui a \u00e9t\u00e9 remise en 2018 et il re\u00e7oit le Prix international de la La\u00efcit\u00e9 2020.&nbsp;<\/p>\n\n\n\n<p>En 2024, il est laur\u00e9at du prix Goncourt&nbsp;pour son roman <strong><em>Houris<\/em><\/strong>, couronn\u00e9 \u00e9galement par le&nbsp;prix Landerneau des lecteurs 2024 et le prix des lecteurs des \u00c9crivains du Sud 2025.<br>\u00ab Je suis la v\u00e9ritable trace, le plus solide des indices attestant de tout ce que nous avons v\u00e9cu en dix ans en Alg\u00e9rie. Je cache l\u2019histoire d\u2019une guerre enti\u00e8re, inscrite sur ma peau depuis que je suis enfant. \u00bb<br>Aube est une jeune Alg\u00e9rienne qui doit se souvenir de la guerre d\u2019ind\u00e9pendance, qu\u2019elle n\u2019a pas v\u00e9cue, et oublier la guerre civile des ann\u00e9es 1990, qu\u2019elle a elle-m\u00eame travers\u00e9e. Sa trag\u00e9die est marqu\u00e9e sur son corps : une cicatrice au cou et des cordes vocales d\u00e9truites. Muette, elle r\u00eave de retrouver sa voix.<br>Son histoire, elle ne peut la raconter qu\u2019\u00e0 la fille qu\u2019elle porte dans son ventre. Mais a-t-elle le droit de garder cette enfant ? Peut-on donner la vie quand on vous l\u2019a presque arrach\u00e9e ? Dans un pays qui a vot\u00e9 des lois pour punir quiconque \u00e9voque la guerre civile, Aube d\u00e9cide de se rendre dans son village natal, o\u00f9 tout a d\u00e9but\u00e9, et o\u00f9 les morts lui r\u00e9pondront peut-\u00eatre.<\/p>\n<\/div><\/div>\n\n\n\n<hr class=\"wp-block-separator has-alpha-channel-opacity\"\/>\n\n\n\n<h2>Charles DANTZIG<\/h2>\n\n\n\n<div class=\"wp-block-media-text alignwide is-stacked-on-mobile is-image-fill\" style=\"grid-template-columns:27% auto\"><figure class=\"wp-block-media-text__media\" style=\"background-image:url(https:\/\/fetedulivre.hyeres.fr\/wp-content\/uploads\/2026\/04\/DANTZIG_Charles5103\u00a9JF-PAGA-3-819x1024.jpeg);background-position:50% 50%\"><img loading=\"lazy\" width=\"819\" height=\"1024\" src=\"https:\/\/fetedulivre.hyeres.fr\/wp-content\/uploads\/2026\/04\/DANTZIG_Charles5103\u00a9JF-PAGA-3-819x1024.jpeg\" alt=\"\" class=\"wp-image-3125 size-full\" srcset=\"https:\/\/fetedulivre.hyeres.fr\/wp-content\/uploads\/2026\/04\/DANTZIG_Charles5103\u00a9JF-PAGA-3-819x1024.jpeg 819w, https:\/\/fetedulivre.hyeres.fr\/wp-content\/uploads\/2026\/04\/DANTZIG_Charles5103\u00a9JF-PAGA-3-240x300.jpeg 240w, https:\/\/fetedulivre.hyeres.fr\/wp-content\/uploads\/2026\/04\/DANTZIG_Charles5103\u00a9JF-PAGA-3-120x150.jpeg 120w, https:\/\/fetedulivre.hyeres.fr\/wp-content\/uploads\/2026\/04\/DANTZIG_Charles5103\u00a9JF-PAGA-3-768x960.jpeg 768w, https:\/\/fetedulivre.hyeres.fr\/wp-content\/uploads\/2026\/04\/DANTZIG_Charles5103\u00a9JF-PAGA-3-1229x1536.jpeg 1229w, https:\/\/fetedulivre.hyeres.fr\/wp-content\/uploads\/2026\/04\/DANTZIG_Charles5103\u00a9JF-PAGA-3-1638x2048.jpeg 1638w, https:\/\/fetedulivre.hyeres.fr\/wp-content\/uploads\/2026\/04\/DANTZIG_Charles5103\u00a9JF-PAGA-3-scaled.jpeg 2048w\" sizes=\"(max-width: 819px) 100vw, 819px\" \/><\/figure><div class=\"wp-block-media-text__content\">\n<p>Charles Dantzig a grandi dans une famille compos\u00e9e de nombreux m\u00e9decins et s\u2019est quant \u00e0 lui orient\u00e9 vers des \u00e9tudes de droit.<\/p>\n\n\n\n<p>Il travaille pour la maison d\u2019\u00e9dition Les Belles Lettres, au sein de laquelle il occupe le poste de directeur de plusieurs collections. Il exerce \u00e9galement une activit\u00e9 de traducteur et s\u2019int\u00e9resse au genre de la po\u00e9sie. En parall\u00e8le, il continue \u00e0 \u00e9crire des essais et des po\u00e8mes, dont une anthologie parait en 2003 sous le titre d\u2019<em><strong>En souvenir des long-courriers<\/strong><\/em>. En 2005 parait son&nbsp;<em><strong>Dictionnaire \u00e9go\u00efste de la litt\u00e9rature fran\u00e7aise<\/strong><\/em>, qui cr\u00e9e l\u2019\u00e9v\u00e8nement et collectionne les prix litt\u00e9raires.<\/p>\n\n\n\n<p>Charles Dantzig devient ensuite \u00e9diteur chez Grasset, o\u00f9 il publie des textes in\u00e9dits de grands \u00e9crivains, comme Samuel Beckett, Jules Barbey d\u2019Aurevilly ou Truman Capote, ainsi que les textes d\u2019auteurs contemporains. En 2015, il cr\u00e9e une collection et une revue intitul\u00e9es \u00ab Le Courage \u00bb, qui donne une tribune aux \u00e9crivains du monde entier au sujet de la litt\u00e9rature et de la cr\u00e9ation.<\/p>\n\n\n\n<p>Il est l\u2019auteur de nombreux essais et romans qui traitent de la tyrannie (<strong><em>Confitures de crimes<\/em><\/strong>, <strong><em>Lenapol\u00e9onisme<\/em><\/strong>, <strong><em>Dans un avion pour Caracas<\/em><\/strong>), ainsi que d\u2019un livre de po\u00e8mes (<strong><em>D\u00e9mocratie du bord de mer,<\/em><\/strong> Grasset).<\/p>\n\n\n\n<p>Dans un monde incertain et qui se pose des questions sur sa libert\u00e9, <strong><em>Inventaire de la basse p\u00e9riode<\/em><\/strong> est un livre salutaire qui proc\u00e8de \u00e0 sauts et gambades : de br\u00e8ves entr\u00e9es subjectives pour r\u00e9v\u00e9ler des v\u00e9rit\u00e9s objectives ; la forme sensible faisant surgir l\u2019id\u00e9e comme une \u00e9piphanie ; l\u2019ironie d\u00e9voilant la mauvaise conscience de l\u2019hypocrisie ; les confidences les plus intimes illustrant des maximes universelles \u2013 bref, une vision profond\u00e9ment litt\u00e9raire de notre r\u00e9el \u00e0 la d\u00e9rive.<\/p>\n<\/div><\/div>\n\n\n\n<h2>BARTABAS<\/h2>\n\n\n\n<div class=\"wp-block-media-text alignwide is-stacked-on-mobile\" style=\"grid-template-columns:27% auto\"><figure class=\"wp-block-media-text__media\"><img loading=\"lazy\" width=\"1024\" height=\"860\" src=\"https:\/\/fetedulivre.hyeres.fr\/wp-content\/uploads\/2026\/03\/BARTABAS_2025\u00aeGallimard_photo_Francesca_Mantovani_87A8327R-scaled-e1774279049963-1024x860.jpg\" alt=\"\" class=\"wp-image-2944 size-full\" srcset=\"https:\/\/fetedulivre.hyeres.fr\/wp-content\/uploads\/2026\/03\/BARTABAS_2025\u00aeGallimard_photo_Francesca_Mantovani_87A8327R-scaled-e1774279049963-1024x860.jpg 1024w, https:\/\/fetedulivre.hyeres.fr\/wp-content\/uploads\/2026\/03\/BARTABAS_2025\u00aeGallimard_photo_Francesca_Mantovani_87A8327R-scaled-e1774279049963-300x252.jpg 300w, https:\/\/fetedulivre.hyeres.fr\/wp-content\/uploads\/2026\/03\/BARTABAS_2025\u00aeGallimard_photo_Francesca_Mantovani_87A8327R-scaled-e1774279049963-150x126.jpg 150w, https:\/\/fetedulivre.hyeres.fr\/wp-content\/uploads\/2026\/03\/BARTABAS_2025\u00aeGallimard_photo_Francesca_Mantovani_87A8327R-scaled-e1774279049963-768x645.jpg 768w, https:\/\/fetedulivre.hyeres.fr\/wp-content\/uploads\/2026\/03\/BARTABAS_2025\u00aeGallimard_photo_Francesca_Mantovani_87A8327R-scaled-e1774279049963-1536x1290.jpg 1536w, https:\/\/fetedulivre.hyeres.fr\/wp-content\/uploads\/2026\/03\/BARTABAS_2025\u00aeGallimard_photo_Francesca_Mantovani_87A8327R-scaled-e1774279049963.jpg 1920w\" sizes=\"(max-width: 1024px) 100vw, 1024px\" \/><\/figure><div class=\"wp-block-media-text__content\">\n<p class=\"has-small-font-size\">Bartabas, n\u00e9 Cl\u00e9ment Marty le 2 juin 1957 \u00e0 Boulogne-Billancourt, est un \u00e9cuyer, p\u00e9dagogue, metteur en sc\u00e8ne et sc\u00e9nographe fran\u00e7ais. <br>Fondateur du spectacle \u00e9questre Zingaro, il est depuis 2003 responsable de l&rsquo;Acad\u00e9mie du spectacle \u00e9questre de Versailles.<br><br>Avec <em><strong>Les cogne-trottoirs<\/strong><\/em>, roman d&rsquo;apprentissage mettant en sc\u00e8ne le duo touchant d&rsquo;un \u00e2ne funambule et d&rsquo;une m\u00f4me qu&rsquo;un drame a priv\u00e9e de parole, Bartabas signe un premier roman hallucin\u00e9, lyrique et gouailleur, au style \u00e9blouissant.<\/p>\n<\/div><\/div>\n\n\n\n<h2>ALFRED<\/h2>\n\n\n\n<div class=\"wp-block-media-text alignwide is-stacked-on-mobile\" style=\"grid-template-columns:27% auto\"><figure class=\"wp-block-media-text__media\"><img loading=\"lazy\" width=\"701\" height=\"1024\" src=\"https:\/\/fetedulivre.hyeres.fr\/wp-content\/uploads\/2026\/04\/ALFRED_PHOTO_\u00a9Vollmer-Lo-scaled-e1775054645351-701x1024.jpg\" alt=\"\" class=\"wp-image-3127 size-full\" srcset=\"https:\/\/fetedulivre.hyeres.fr\/wp-content\/uploads\/2026\/04\/ALFRED_PHOTO_\u00a9Vollmer-Lo-scaled-e1775054645351-701x1024.jpg 701w, https:\/\/fetedulivre.hyeres.fr\/wp-content\/uploads\/2026\/04\/ALFRED_PHOTO_\u00a9Vollmer-Lo-scaled-e1775054645351-205x300.jpg 205w, https:\/\/fetedulivre.hyeres.fr\/wp-content\/uploads\/2026\/04\/ALFRED_PHOTO_\u00a9Vollmer-Lo-scaled-e1775054645351-103x150.jpg 103w, https:\/\/fetedulivre.hyeres.fr\/wp-content\/uploads\/2026\/04\/ALFRED_PHOTO_\u00a9Vollmer-Lo-scaled-e1775054645351-768x1122.jpg 768w, https:\/\/fetedulivre.hyeres.fr\/wp-content\/uploads\/2026\/04\/ALFRED_PHOTO_\u00a9Vollmer-Lo-scaled-e1775054645351-1051x1536.jpg 1051w, https:\/\/fetedulivre.hyeres.fr\/wp-content\/uploads\/2026\/04\/ALFRED_PHOTO_\u00a9Vollmer-Lo-scaled-e1775054645351-1402x2048.jpg 1402w, https:\/\/fetedulivre.hyeres.fr\/wp-content\/uploads\/2026\/04\/ALFRED_PHOTO_\u00a9Vollmer-Lo-scaled-e1775054645351.jpg 1651w\" sizes=\"(max-width: 701px) 100vw, 701px\" \/><\/figure><div class=\"wp-block-media-text__content\">\n<p>Alfred, sc\u00e9nariste et dessinateur, est n\u00e9 en 1976 au milieu d\u2019une famille d\u2019artistes. Il devient<br>dessinateur de bande dessin\u00e9e en autodidacte et commence par publier dans des fanzines confidentiels, avant un premier album en 1997 chez Delcourt.<br><br>En 2000, c\u2019est une rencontre d\u00e9terminante avec le sc\u00e9nariste David Chauvel \u2014 depuis devenu son \u00e9diteur \u2014 pour vingt-trois ans d\u2019une fructueuse et fid\u00e8le amiti\u00e9.<br>En 2007, avec Olivier Ka, <strong><em>Pourquoi j\u2019ai tu\u00e9 Pierre <\/em><\/strong>est r\u00e9compens\u00e9 du Prix du Public et Essentiel du FIBD \u00e0 Angoul\u00eame. En 2014, <strong><em>Come Prima<\/em><\/strong> remporte le Fauve d\u2019or prix du meilleur album, au FIBD \u00e0 Angoul\u00eame et sera adapt\u00e9 pour le cin\u00e9ma en 2021 ; en 2023, il est mis en sc\u00e8ne au th\u00e9\u00e2tre, \u00e0 Paris, par la Compagnie Not Me tender.<br>Parall\u00e8lement, et depuis plus de vingt ans, Alfred creuse le dessin live sur sc\u00e8ne et s\u2019embarque dans plusieurs aventures th\u00e9\u00e2trales\/dessin\u00e9es avec, entre autres, Brigitte Fontaine, Areski Belkacem, Rapha\u00ebl Imbert, William Z Villain ou encore JP Nataf. Il a pass\u00e9 trois ann\u00e9es \u00e0 suivre Etienne Daho pour la r\u00e9alisation du \u201c making of dessin\u00e9 \u201d de son pr\u00e9c\u00e9dent disque, et a aussi suivi en tourn\u00e9e Arthur H, dessinant un journal de bord depuis les coulisses.<br><br>Dans son dernier album <strong><em>Jardins invisibles<\/em><\/strong>, Alfred livre plusieurs fragments de sa vie o\u00f9 se recoupent<br>ses th\u00e8mes de pr\u00e9dilection, l\u2019Italie, l\u2019enfance et son rapport au dessin et au th\u00e9\u00e2tre. Chacune de ces histoires pr\u00e9sentent un de ces moments de micro-bascule dont l\u2019impact sur notre trajectoire devient tangible parfois trente ans plus tard. Une rencontre, une phrase dite dans l\u2019enfance, une peur qu\u2019on se trimballe encore adulte\u2026<\/p>\n<\/div><\/div>\n","protected":false},"excerpt":{"rendered":"<p>J.M.G LE CL\u00c9ZIO, invit\u00e9 exceptionnel d&rsquo;Emmanuel Kh\u00e9rad J. M. G. Le Cl\u00e9zio n\u2019a jamais cess\u00e9 d\u2019\u00e9crire depuis l\u2019\u00e2ge de sept ou huit ans : po\u00e8mes, contes, r\u00e9cits, nouvelles, dont aucun &#8230;<\/p>\n","protected":false},"author":2,"featured_media":0,"parent":0,"menu_order":0,"comment_status":"closed","ping_status":"closed","template":"","meta":{"_monsterinsights_skip_tracking":false,"_monsterinsights_sitenote_active":false,"_monsterinsights_sitenote_note":"","_monsterinsights_sitenote_category":0},"_links":{"self":[{"href":"https:\/\/fetedulivre.hyeres.fr\/index.php?rest_route=\/wp\/v2\/pages\/172"}],"collection":[{"href":"https:\/\/fetedulivre.hyeres.fr\/index.php?rest_route=\/wp\/v2\/pages"}],"about":[{"href":"https:\/\/fetedulivre.hyeres.fr\/index.php?rest_route=\/wp\/v2\/types\/page"}],"author":[{"embeddable":true,"href":"https:\/\/fetedulivre.hyeres.fr\/index.php?rest_route=\/wp\/v2\/users\/2"}],"replies":[{"embeddable":true,"href":"https:\/\/fetedulivre.hyeres.fr\/index.php?rest_route=%2Fwp%2Fv2%2Fcomments&post=172"}],"version-history":[{"count":40,"href":"https:\/\/fetedulivre.hyeres.fr\/index.php?rest_route=\/wp\/v2\/pages\/172\/revisions"}],"predecessor-version":[{"id":3128,"href":"https:\/\/fetedulivre.hyeres.fr\/index.php?rest_route=\/wp\/v2\/pages\/172\/revisions\/3128"}],"wp:attachment":[{"href":"https:\/\/fetedulivre.hyeres.fr\/index.php?rest_route=%2Fwp%2Fv2%2Fmedia&parent=172"}],"curies":[{"name":"wp","href":"https:\/\/api.w.org\/{rel}","templated":true}]}}