{"id":147,"date":"2023-02-01T15:11:24","date_gmt":"2023-02-01T14:11:24","guid":{"rendered":"http:\/\/fetedulivre.mairie-hyeres.com\/?page_id=147"},"modified":"2026-03-09T15:23:06","modified_gmt":"2026-03-09T14:23:06","slug":"infos-pratiques","status":"publish","type":"page","link":"https:\/\/fetedulivre.hyeres.fr\/?page_id=147","title":{"rendered":"Infos pratiques"},"content":{"rendered":"\n<h3 class=\"has-text-align-center has-luminous-vivid-amber-color has-text-color\">Localisation<\/h3>\n\n\n\n<p class=\"has-text-align-center\" style=\"font-size:15px\"><strong>Forum du Casino (centre-ville)<\/strong><br>3 avenue Ambroise Thomas<br>83400 HY\u00c8RES<\/p>\n\n\n<div class=\"wp-block-image\">\n<figure class=\"aligncenter size-large is-resized\"><img loading=\"lazy\" src=\"https:\/\/fetedulivre.hyeres.fr\/wp-content\/uploads\/2023\/11\/Capture-de\u0301cran-2023-11-29-a\u0300-15.21.19-1024x703.jpg\" alt=\"\" class=\"wp-image-985\" width=\"489\" height=\"335\" srcset=\"https:\/\/fetedulivre.hyeres.fr\/wp-content\/uploads\/2023\/11\/Capture-de\u0301cran-2023-11-29-a\u0300-15.21.19-1024x703.jpg 1024w, https:\/\/fetedulivre.hyeres.fr\/wp-content\/uploads\/2023\/11\/Capture-de\u0301cran-2023-11-29-a\u0300-15.21.19-300x206.jpg 300w, https:\/\/fetedulivre.hyeres.fr\/wp-content\/uploads\/2023\/11\/Capture-de\u0301cran-2023-11-29-a\u0300-15.21.19-150x103.jpg 150w, https:\/\/fetedulivre.hyeres.fr\/wp-content\/uploads\/2023\/11\/Capture-de\u0301cran-2023-11-29-a\u0300-15.21.19-768x527.jpg 768w, https:\/\/fetedulivre.hyeres.fr\/wp-content\/uploads\/2023\/11\/Capture-de\u0301cran-2023-11-29-a\u0300-15.21.19-1536x1054.jpg 1536w, https:\/\/fetedulivre.hyeres.fr\/wp-content\/uploads\/2023\/11\/Capture-de\u0301cran-2023-11-29-a\u0300-15.21.19-2048x1406.jpg 2048w\" sizes=\"(max-width: 489px) 100vw, 489px\" \/><\/figure><\/div>\n\n\n<hr class=\"wp-block-separator has-alpha-channel-opacity\"\/>\n\n\n\n<h3 class=\"has-text-align-center has-luminous-vivid-amber-color has-text-color\">Horaires<\/h3>\n\n\n\n<p class=\"has-text-align-center\"><strong>Samedi 30 mai :<\/strong> 10h-19h<br><strong>Dimanche 31 mai : <\/strong>10h-18h<br><br>Entr\u00e9e libre et gratuite<\/p>\n\n\n\n<hr class=\"wp-block-separator has-alpha-channel-opacity\"\/>\n\n\n\n<h3 class=\"has-text-align-center has-luminous-vivid-amber-color has-text-color\">Stationnement<\/h3>\n\n\n\n<p class=\"has-text-align-center\"><strong>Gratuits et \u00e0 proximit\u00e9 :<\/strong> parking du Forum du Casino (gratuit les samedis et dimanches), parking Versin, voie publique (gratuit les 2 premi\u00e8res heures), parkings Clemenceau et Gambetta (dimanche uniquement)<br><strong>Autres parkings (payants) :<\/strong> voie publique, parkings Clemenceau et Gambetta (samedi uniquement)<\/p>\n","protected":false},"excerpt":{"rendered":"<p>Localisation Forum du Casino (centre-ville)3 avenue Ambroise Thomas83400 HY\u00c8RES Horaires Samedi 30 mai : 10h-19hDimanche 31 mai : 10h-18h Entr\u00e9e libre et gratuite Stationnement Gratuits et \u00e0 proximit\u00e9 : parking &#8230;<\/p>\n","protected":false},"author":2,"featured_media":0,"parent":0,"menu_order":0,"comment_status":"closed","ping_status":"closed","template":"","meta":{"_monsterinsights_skip_tracking":false,"_monsterinsights_sitenote_active":false,"_monsterinsights_sitenote_note":"","_monsterinsights_sitenote_category":0},"_links":{"self":[{"href":"https:\/\/fetedulivre.hyeres.fr\/index.php?rest_route=\/wp\/v2\/pages\/147"}],"collection":[{"href":"https:\/\/fetedulivre.hyeres.fr\/index.php?rest_route=\/wp\/v2\/pages"}],"about":[{"href":"https:\/\/fetedulivre.hyeres.fr\/index.php?rest_route=\/wp\/v2\/types\/page"}],"author":[{"embeddable":true,"href":"https:\/\/fetedulivre.hyeres.fr\/index.php?rest_route=\/wp\/v2\/users\/2"}],"replies":[{"embeddable":true,"href":"https:\/\/fetedulivre.hyeres.fr\/index.php?rest_route=%2Fwp%2Fv2%2Fcomments&post=147"}],"version-history":[{"count":13,"href":"https:\/\/fetedulivre.hyeres.fr\/index.php?rest_route=\/wp\/v2\/pages\/147\/revisions"}],"predecessor-version":[{"id":2916,"href":"https:\/\/fetedulivre.hyeres.fr\/index.php?rest_route=\/wp\/v2\/pages\/147\/revisions\/2916"}],"wp:attachment":[{"href":"https:\/\/fetedulivre.hyeres.fr\/index.php?rest_route=%2Fwp%2Fv2%2Fmedia&parent=147"}],"curies":[{"name":"wp","href":"https:\/\/api.w.org\/{rel}","templated":true}]}}